{"id":47,"date":"2020-08-30T09:51:44","date_gmt":"2020-08-30T09:51:44","guid":{"rendered":"http:\/\/www.wointi.fi\/?page_id=47"},"modified":"2021-02-09T23:19:00","modified_gmt":"2021-02-09T21:19:00","slug":"mita-woinnista-puhutaan","status":"publish","type":"page","link":"https:\/\/www.wointi.fi\/index.php\/mita-woinnista-puhutaan\/","title":{"rendered":"Mit\u00e4 Woinnista puhutaan"},"content":{"rendered":"\n<p><strong>Antti Huttu-Hiltunen<br><\/strong>PPSHP:n entinen puheenjohtaja, kunnanvaltuutettu<\/p>\n\n\n\n<blockquote class=\"wp-block-quote is-layout-flow wp-block-quote-is-layout-flow\"><p><em>\u201dUusia innovaatioita ja terveydenhuollon palvelutuotannon vaikuttavuuden nostoon t\u00e4ht\u00e4\u00e4vi\u00e4 avauksia kaivataan, jotta lis\u00e4\u00e4ntyv\u00e4\u00e4n hoidon tarpeeseen ja kustannushaasteisiin voidaan vastata. Wointi n\u00e4ytt\u00e4isi palvelukokonaisuudellaan vastaavan haasteeseen uskottavan oloisesti diabeteksenhoidon alueella.\u201d<\/em><\/p><\/blockquote>\n\n\n\n<hr class=\"wp-block-separator\"\/>\n\n\n\n<p><strong>Paula Risikko<br><\/strong>kansanedustaja, terveystieteiden tohtori<\/p>\n\n\n\n<blockquote class=\"wp-block-quote is-layout-flow wp-block-quote-is-layout-flow\"><p>\u201d<em>Wointi-palveluilla voidaan saavuttaa lis\u00e4\u00e4 laatua ja vaikuttavuutta sosiaali- ja terveyspalveluissa. Vaikuttavuudesta hy\u00f6tyv\u00e4t ennen kaikkea potilaat, mutta my\u00f6s sosiaali- ja terveydenhuollon toimijat ja -johto. Wointi-palveluja hy\u00f6dynt\u00e4m\u00e4ll\u00e4 lis\u00e4t\u00e4\u00e4n my\u00f6s palvelujen kustannusvaikuttavuutta, mik\u00e4 on t\u00e4rke\u00e4\u00e4 teht\u00e4ess\u00e4 eettisesti kest\u00e4vi\u00e4 p\u00e4\u00e4t\u00f6ksi\u00e4 tilanteissa, jolloin on mietitt\u00e4v\u00e4 my\u00f6s rahojen riitt\u00e4vyytt\u00e4.\u201d<\/em><\/p><\/blockquote>\n\n\n\n<hr class=\"wp-block-separator\"\/>\n\n\n\n<p><strong>Katja H\u00e4nninen<br><\/strong>Kansanedustaja, kaupunginvaltuutettu, Raahe<\/p>\n\n\n\n<blockquote class=\"wp-block-quote is-layout-flow wp-block-quote-is-layout-flow\"><p><em>\u201dTerveys on asia, jonka arvon ymm\u00e4rt\u00e4\u00e4 usein liian my\u00f6h\u00e4\u00e4n. Nykyaikainen teknologia ja yksil\u00f6lliset hoitopolut mahdollistavat kuitenkin sen, ett\u00e4 sairaudesta huolimatta voimme el\u00e4\u00e4 t\u00e4ysipainoista ja hyv\u00e4\u00e4 el\u00e4m\u00e4\u00e4. Wointi Oy tarjoaa terveydenhuollon asiakkaiden ja potilaiden hoidon digitaalisia tukipalveluita, lis\u00e4sairauksia ennaltaehk\u00e4isevi\u00e4 digitaalisia el\u00e4m\u00e4ntapapalveluita ja terveydenedist\u00e4misen palveluja. T\u00e4ss\u00e4 hyvinvointipaketissa yhdistyy terveyden kannalta kaikki olennainen tieto. Asiakkaan kannalta s\u00e4\u00e4styy aikaa ja rahaa ja mik\u00e4 parasta, optimaalisen henkil\u00f6kohtaisen sairauden hoidon ansiosta el\u00e4m\u00e4nlaatu todenn\u00e4k\u00f6isesti paranee huomattavasti. Yhteiskunnan n\u00e4k\u00f6kulmasta sosiaali- ja terveydenhuollon resurssien k\u00e4ytt\u00f6 kohdistuu j\u00e4rkev\u00e4sti, kun p\u00e4\u00e4paino siirtyy erikoissairaanhoidosta perusterveydenhuoltoon ja ennaltaehk\u00e4isevien palveluiden tuottamiseen. T\u00e4m\u00e4 on sek\u00e4 taloudellisesti ett\u00e4 inhimillisesti yhteiskunnan kokonaisedun mukaista.\u201d<\/em><\/p><\/blockquote>\n","protected":false},"excerpt":{"rendered":"<p>Antti Huttu-HiltunenPPSHP:n entinen puheenjohtaja, kunnanvaltuutettu \u201dUusia innovaatioita ja terveydenhuollon palvelutuotannon vaikuttavuuden nostoon t\u00e4ht\u00e4\u00e4vi\u00e4 avauksia kaivataan, jotta lis\u00e4\u00e4ntyv\u00e4\u00e4n hoidon tarpeeseen ja kustannushaasteisiin voidaan vastata. Wointi n\u00e4ytt\u00e4isi palvelukokonaisuudellaan vastaavan haasteeseen uskottavan oloisesti diabeteksenhoidon alueella.\u201d Paula Risikkokansanedustaja, terveystieteiden tohtori \u201dWointi-palveluilla voidaan saavuttaa lis\u00e4\u00e4 laatua ja vaikuttavuutta sosiaali- ja terveyspalveluissa. Vaikuttavuudesta hy\u00f6tyv\u00e4t ennen kaikkea potilaat, mutta my\u00f6s sosiaali- ja &hellip; <\/p>\n<p class=\"link-more\"><a href=\"https:\/\/www.wointi.fi\/index.php\/mita-woinnista-puhutaan\/\" class=\"more-link\">Jatka lukemista<span class=\"screen-reader-text\"> &#8221;Mit\u00e4 Woinnista puhutaan&#8221;<\/span><\/a><\/p>\n","protected":false},"author":1,"featured_media":0,"parent":0,"menu_order":0,"comment_status":"closed","ping_status":"closed","template":"","meta":{"footnotes":""},"class_list":["post-47","page","type-page","status-publish","hentry"],"_links":{"self":[{"href":"https:\/\/www.wointi.fi\/index.php\/wp-json\/wp\/v2\/pages\/47","targetHints":{"allow":["GET"]}}],"collection":[{"href":"https:\/\/www.wointi.fi\/index.php\/wp-json\/wp\/v2\/pages"}],"about":[{"href":"https:\/\/www.wointi.fi\/index.php\/wp-json\/wp\/v2\/types\/page"}],"author":[{"embeddable":true,"href":"https:\/\/www.wointi.fi\/index.php\/wp-json\/wp\/v2\/users\/1"}],"replies":[{"embeddable":true,"href":"https:\/\/www.wointi.fi\/index.php\/wp-json\/wp\/v2\/comments?post=47"}],"version-history":[{"count":8,"href":"https:\/\/www.wointi.fi\/index.php\/wp-json\/wp\/v2\/pages\/47\/revisions"}],"predecessor-version":[{"id":98,"href":"https:\/\/www.wointi.fi\/index.php\/wp-json\/wp\/v2\/pages\/47\/revisions\/98"}],"wp:attachment":[{"href":"https:\/\/www.wointi.fi\/index.php\/wp-json\/wp\/v2\/media?parent=47"}],"curies":[{"name":"wp","href":"https:\/\/api.w.org\/{rel}","templated":true}]}}